{"id":34,"date":"2018-04-07T09:13:07","date_gmt":"2018-04-07T09:13:07","guid":{"rendered":"https:\/\/thinkdogcom.wordpress.com\/?page_id=34"},"modified":"2026-02-18T08:06:35","modified_gmt":"2026-02-18T07:06:35","slug":"services","status":"publish","type":"page","link":"https:\/\/think-dog.com\/index.php\/services\/","title":{"rendered":"Services &amp; Tarifs"},"content":{"rendered":"\n<figure class=\"wp-block-image\"><img decoding=\"async\" src=\"https:\/\/thinkdogcom.files.wordpress.com\/2018\/04\/recc81actif1-e1523982943923.jpg\" alt=\"\u00e9ducation chien agressif\" class=\"wp-image-122\"\/><\/figure>\n\n\n\n<h2 class=\"wp-block-heading\"><span style=\"text-decoration: underline;\">Bilan comportemental<\/span><\/h2>\n\n\n\n<p>Notre tout premier contacte passe par un bilan comportemental. Que vous rencontriez des probl\u00e8mes de destructions, aboiements, agressivit\u00e9, malpropret\u00e9, etc&#8230; ou que vous souhaitiez simplement accueillir un chiot, un chien de refuge et ne rien rater dans son \u00e9ducation.<\/p>\n\n\n\n<p><strong>S\u00e9ance de 1h30-2h.<\/strong>&nbsp;Apr\u00e8s cette s\u00e9ance, vous aurez toutes les cl\u00e9s en main pour mieux comprendre et aider votre animal au quotidien par vous m\u00eame.<br><strong>Prix \u00e0 domicile: 70\u20ac<\/strong><br>(hors frais de d\u00e9placement)<br><strong>Prix \u00e0 distance (Visio conf\u00e9rence de 1h30) : 60\u20ac<\/strong><\/p>\n\n\n\n<h2 class=\"wp-block-heading\">Webinaire : <span style=\"text-decoration: underline;\">Bien d\u00e9marrer avec son chiot <\/span><\/h2>\n\n\n\n<p>Une fois par mois, je vous propose une visioconf\u00e9rence de 1h30 sur l&rsquo;arriv\u00e9e du chiot et les points essentielles \u00e0 connaitre pour bien d\u00e9marrer avec lui. <br>Vous aurez la possibilit\u00e9 d&rsquo;interagir et de poser vos questions tout au long du webinaire <br>Le webinaire se fait sous inscription vous pouvez me laisser un sms au 0784270830<br><br><strong>Prix : 25\u20ac<\/strong><\/p>\n\n\n\n<h2 class=\"wp-block-heading\"><img loading=\"lazy\" decoding=\"async\" class=\"alignnone size-full wp-image-299\" src=\"https:\/\/think-dog.com\/wp-content\/uploads\/2019\/04\/p1160223.jpg\" alt=\"P1160223\" width=\"4592\" height=\"2584\"><\/h2>\n\n\n\n<h2 class=\"wp-block-heading\"><span style=\"text-decoration: underline;\">\u00c9ducation individuelle<\/span><\/h2>\n\n\n\n<p>Une fois le bilan effectu\u00e9, nous mettrons en place des s\u00e9ances d&rsquo;\u00e9ducation afin de travailler les points importants ensemble. Durant cette s\u00e9ance, je vous proposerai des exercices adapt\u00e9s \u00e0 vous et votre chien que vous pourrez ensuite appliquer au quotidien. Le but de cette s\u00e9ance est de vous coacher dans l&rsquo;\u00e9ducation ou la r\u00e9\u00e9ducation de votre chien en vous guidant lors des exercices pour vous aider \u00e0 devenir l&rsquo;\u00e9ducateur de votre chien. Avoir les bons gestes permet d&rsquo;\u00e9viter les erreurs les plus fr\u00e9quentes ce qui acc\u00e9l\u00e8rera les apprentissages. Ces s\u00e9ances durent 1h.<br><strong>Prix \u00e0 domicile:<br><\/strong><strong>A la s\u00e9ance :&nbsp; 47\u20ac\/h<\/strong>.<br><strong>En forfait :<\/strong> <strong>3h\/135\u20ac &#8211; 5h\/215\u20ac &#8211; 10h\/420\u20ac<\/strong><br>(hors frais de d\u00e9placement)<\/p>\n\n\n\n<p><strong>Prix \u00e0 distance (Visio conf\u00e9rence de 1h) : 40\u20ac<\/strong><\/p>\n\n\n\n<figure class=\"wp-block-image\"><img decoding=\"async\" src=\"https:\/\/think-dog.com\/wp-content\/uploads\/2019\/04\/p1150919.jpg\" alt=\"P1150919\" class=\"wp-image-286\"\/><\/figure>\n\n\n\n<h2 class=\"wp-block-heading\"><span style=\"text-decoration: underline;\">Pension \u00e9ducative&nbsp;chiot (- 6mois)<\/span><\/h2>\n\n\n\n<p>Vous avez un chiot et vous travaillez toute la journ\u00e9e? Profitez de la pension \u00e9ducative! Venez d\u00e9poser votre chiot durant vos heures de travail, nous nous occupons de lui apprendre les bases de l&rsquo;\u00e9ducation.<br>Du lundi au vendredi de 8h \u00e0 18h. Places limit\u00e9es. R\u00e9servation au minimum 3 semaines \u00e0 l&rsquo;avance.<br><strong>Demi journ\u00e9e: 30\u20ac<br>Journ\u00e9e compl\u00e8te: 50\u20ac<\/strong><\/p>\n\n\n\n<p><img loading=\"lazy\" decoding=\"async\" class=\"alignnone size-full wp-image-300\" src=\"https:\/\/think-dog.com\/wp-content\/uploads\/2019\/04\/elevage.jpg\" alt=\"elevage\" width=\"960\" height=\"530\" srcset=\"https:\/\/think-dog.com\/wp-content\/uploads\/2019\/04\/elevage.jpg 960w, https:\/\/think-dog.com\/wp-content\/uploads\/2019\/04\/elevage-300x166.jpg 300w, https:\/\/think-dog.com\/wp-content\/uploads\/2019\/04\/elevage-768x424.jpg 768w\" sizes=\"auto, (max-width: 767px) 89vw, (max-width: 1000px) 54vw, (max-width: 1071px) 543px, 580px\" \/>Elevage Beagles de Maxcecan<\/p>\n\n\n\n<h2 class=\"wp-block-heading\"><span style=\"text-decoration: underline;\">Gardes et services \u00e9levages<\/span><\/h2>\n\n\n\n<p>\u00catre \u00e9leveur c&rsquo;est un travail \u00e0 plein temps et il est difficile lorsqu&rsquo;on poss\u00e8de un \u00e9levage de prendre quelques jours de cong\u00e9s. J&rsquo;ai donc lancer ce service pour les \u00e9leveurs qui voudraient pouvoir prendre une apr\u00e8s midi pour eux en toute s\u00e9r\u00e9nit\u00e9. Si vous n&rsquo;avez pas besoin de faire garder votre \u00e9levage, je propose \u00e9galement des services personnalis\u00e9s pour am\u00e9liorer l&rsquo;environnement des chiots. Mon expertise et mes connaissances sur le d\u00e9veloppement comportemental du chiot vous permettra d&rsquo;am\u00e9liorer la socialisation de vos chiots et d&rsquo;autres apprentissages tel que la propret\u00e9 pour offrir \u00e0 vos clients des chiots toujours mieux pr\u00e9par\u00e9s \u00e0 leur vie future!<br><strong>Devis sur demande.<\/strong><\/p>\n\n\n\n<figure class=\"wp-block-image\"><img loading=\"lazy\" decoding=\"async\" width=\"1180\" height=\"359\" src=\"https:\/\/think-dog.com\/wp-content\/uploads\/2019\/04\/cropped-p1160265.jpg\" alt=\"cropped-p1160265.jpg\" class=\"wp-image-287\" srcset=\"https:\/\/think-dog.com\/wp-content\/uploads\/2019\/04\/cropped-p1160265.jpg 1180w, https:\/\/think-dog.com\/wp-content\/uploads\/2019\/04\/cropped-p1160265-300x91.jpg 300w, https:\/\/think-dog.com\/wp-content\/uploads\/2019\/04\/cropped-p1160265-1024x312.jpg 1024w, https:\/\/think-dog.com\/wp-content\/uploads\/2019\/04\/cropped-p1160265-768x234.jpg 768w\" sizes=\"auto, (max-width: 767px) 89vw, (max-width: 1000px) 54vw, (max-width: 1071px) 543px, 580px\" \/><\/figure>\n\n\n\n<h2 class=\"wp-block-heading\"><span style=\"text-decoration: underline;\">Balades \u00e9ducatives &amp; cours collectifs<\/span><\/h2>\n\n\n\n<p>Ces services sont r\u00e9serv\u00e9s aux chiens n&rsquo;ayant pas de probl\u00e8mes avec leurs cong\u00e9n\u00e8res. C&rsquo;est alors l&rsquo;occasion de socialiser son chien en lui permettant de communiquer dans le calme avec des cong\u00e9n\u00e8res sympas et d&rsquo;apprendre des exercices de base en s&rsquo;amusant!<br>Les th\u00e8mes varient \u00e0 chaque s\u00e9ance, pour conna\u00eetre les prochaines s\u00e9ances suivez ma page <a href=\"https:\/\/www.facebook.com\/Think-dog-1283669481746951\/\">Facebook<\/a>.<br>Les cours collectifs pour chiots ont lieu un mercredi sur deux \u00e0 16h30.<br><strong>Prix: entre 15 &amp; 20 \u20ac<\/strong> \/ chien suivant l&rsquo;\u00e9v\u00e8nement.<\/p>\n\n\n\n<h3 class=\"wp-block-heading\"><u>Frais de d\u00e9placement:<\/u><\/h3>\n\n\n\n<p>Pour les s\u00e9ances \u00e0 votre domicile, <strong>GRATUIT<\/strong> dans toute la m\u00e9tropole Lilloise et dans un rayon de 20 km autour de F\u00e2ches-Thumesnil.<br>Au del\u00e0 de cette distance, des frais de d\u00e9placement seront calcul\u00e9s et ajout\u00e9s \u00e0 la facture.<\/p>\n","protected":false},"excerpt":{"rendered":"<p>Bilan comportemental Notre tout premier contacte passe par un bilan comportemental. Que vous rencontriez des probl\u00e8mes de destructions, aboiements, agressivit\u00e9, malpropret\u00e9, etc&#8230; ou que vous souhaitiez simplement accueillir un chiot, &hellip; <\/p>\n<p class=\"link-more\"><a href=\"https:\/\/think-dog.com\/index.php\/services\/\" class=\"more-link\">Continuer la lecture<span class=\"screen-reader-text\"> de &laquo;&nbsp;Services &amp; Tarifs&nbsp;&raquo;<\/span><\/a><\/p>\n","protected":false},"author":1,"featured_media":0,"parent":0,"menu_order":0,"comment_status":"closed","ping_status":"closed","template":"","meta":{"footnotes":""},"class_list":["post-34","page","type-page","status-publish","hentry"],"_links":{"self":[{"href":"https:\/\/think-dog.com\/index.php\/wp-json\/wp\/v2\/pages\/34","targetHints":{"allow":["GET"]}}],"collection":[{"href":"https:\/\/think-dog.com\/index.php\/wp-json\/wp\/v2\/pages"}],"about":[{"href":"https:\/\/think-dog.com\/index.php\/wp-json\/wp\/v2\/types\/page"}],"author":[{"embeddable":true,"href":"https:\/\/think-dog.com\/index.php\/wp-json\/wp\/v2\/users\/1"}],"replies":[{"embeddable":true,"href":"https:\/\/think-dog.com\/index.php\/wp-json\/wp\/v2\/comments?post=34"}],"version-history":[{"count":7,"href":"https:\/\/think-dog.com\/index.php\/wp-json\/wp\/v2\/pages\/34\/revisions"}],"predecessor-version":[{"id":659,"href":"https:\/\/think-dog.com\/index.php\/wp-json\/wp\/v2\/pages\/34\/revisions\/659"}],"wp:attachment":[{"href":"https:\/\/think-dog.com\/index.php\/wp-json\/wp\/v2\/media?parent=34"}],"curies":[{"name":"wp","href":"https:\/\/api.w.org\/{rel}","templated":true}]}}