{"id":302,"date":"2018-04-05T17:54:41","date_gmt":"2018-04-05T17:54:41","guid":{"rendered":"https:\/\/thinkdogcom.wordpress.com\/?page_id=5"},"modified":"2024-08-15T18:51:57","modified_gmt":"2024-08-15T16:51:57","slug":"accueil","status":"publish","type":"page","link":"https:\/\/think-dog.com\/","title":{"rendered":"Bienvenue"},"content":{"rendered":"\n<h2 class=\"wp-block-heading has-text-align-center\">BIENVENUE SUR THINK DOG!<\/h2>\n\n\n\n<p class=\"has-text-align-center\"><span style=\"color: #ff9900;\"><mark style=\"background-color:rgba(0, 0, 0, 0)\" class=\"has-inline-color has-black-color\">Educatrice canin et comportementaliste&nbsp;\u00e0 Lille<\/mark><\/span>, je propose mes services pour vous aider dans l&rsquo;\u00e9ducation de votre chien tout en respectant votre animal, ses besoins et ses \u00e9motions. Je n&rsquo;utilise ni la violence, ni l&rsquo;intimidation pour (r\u00e9)\u00e9duquer vos compagnons \u00e0 quatre pattes.<\/p>\n\n\n\n<h3 class=\"wp-block-heading has-text-align-center\"><span style=\"text-decoration: underline;\">POUR QUI ?<\/span><\/h3>\n\n\n\n<p class=\"has-text-align-center\"><span style=\"color: #ff9900;\"><mark style=\"background-color:rgba(0, 0, 0, 0)\" class=\"has-inline-color has-black-color\">Les particuliers<\/mark><\/span><\/p>\n\n\n\n<ul class=\"wp-block-list\">\n<li>Pour bien d\u00e9marrer avec votre chiot\/chien fra\u00eechement arriv\u00e9<\/li>\n\n\n\n<li>Pour comprendre et r\u00e9soudre les probl\u00e8mes de comportement rencontr\u00e9s<\/li>\n\n\n\n<li>Pour d\u00e9velopper une relation de confiance avec votre chien<\/li>\n<\/ul>\n\n\n\n<p class=\"has-text-align-center\"><span style=\"color: #ff9900;\"><mark style=\"background-color:rgba(0, 0, 0, 0)\" class=\"has-inline-color has-black-color\">Les associations<\/mark><\/span><\/p>\n\n\n\n<ul class=\"wp-block-list\">\n<li>Pour am\u00e9liorer la qualit\u00e9 de vie des chiens pris en charge<\/li>\n\n\n\n<li>Pour conseiller les familles d&rsquo;accueils lors de la prise en charge de chiens \u00e0 probl\u00e8mes<\/li>\n\n\n\n<li>Pour facilit\u00e9 l&rsquo;adaptation du chien dans son nouveau foyer (tout adoptant et associations b\u00e9n\u00e9ficient de tarifs r\u00e9duits)<\/li>\n<\/ul>\n\n\n\n<p class=\"has-text-align-center\"><span style=\"color: #ff9900;\"><mark style=\"background-color:rgba(0, 0, 0, 0)\" class=\"has-inline-color has-black-color\">Les \u00e9leveurs<\/mark><\/span><\/p>\n\n\n\n<ul class=\"wp-block-list\">\n<li><span style=\"color: #ff9900;\"><mark style=\"background-color:rgba(0, 0, 0, 0)\" class=\"has-inline-color has-black-color\"> <\/mark><\/span>N\u00e9cessitant un professionnel de confiance afin de les accompagner dans le d\u00e9veloppement de leurs chiots<\/li>\n\n\n\n<li> Pour veiller sur leurs animaux durant de courtes absences.<\/li>\n<\/ul>\n\n\n\n<h3 class=\"wp-block-heading has-text-align-center\"><span style=\"text-decoration: underline;\">O\u00d9 ?<\/span><\/h3>\n\n\n\n<ul class=\"wp-block-list\">\n<li><span style=\"color: #ff9900;\"><mark style=\"background-color:rgba(0, 0, 0, 0)\" class=\"has-inline-color has-black-color\">LILLE<\/mark><\/span><mark style=\"background-color:rgba(0, 0, 0, 0)\" class=\"has-inline-color has-black-color\"> <\/mark>&amp; Nord de France<\/li>\n<\/ul>\n\n\n\n<p><\/p>\n","protected":false},"excerpt":{"rendered":"<p>BIENVENUE SUR THINK DOG! Educatrice canin et comportementaliste&nbsp;\u00e0 Lille, je propose mes services pour vous aider dans l&rsquo;\u00e9ducation de votre chien tout en respectant votre animal, ses besoins et ses &hellip; <\/p>\n<p class=\"link-more\"><a href=\"https:\/\/think-dog.com\/\" class=\"more-link\">Continuer la lecture<span class=\"screen-reader-text\"> de &laquo;&nbsp;Bienvenue&nbsp;&raquo;<\/span><\/a><\/p>\n","protected":false},"author":1,"featured_media":413,"parent":0,"menu_order":1,"comment_status":"closed","ping_status":"closed","template":"","meta":{"footnotes":""},"class_list":["post-302","page","type-page","status-publish","has-post-thumbnail","hentry"],"_links":{"self":[{"href":"https:\/\/think-dog.com\/index.php\/wp-json\/wp\/v2\/pages\/302","targetHints":{"allow":["GET"]}}],"collection":[{"href":"https:\/\/think-dog.com\/index.php\/wp-json\/wp\/v2\/pages"}],"about":[{"href":"https:\/\/think-dog.com\/index.php\/wp-json\/wp\/v2\/types\/page"}],"author":[{"embeddable":true,"href":"https:\/\/think-dog.com\/index.php\/wp-json\/wp\/v2\/users\/1"}],"replies":[{"embeddable":true,"href":"https:\/\/think-dog.com\/index.php\/wp-json\/wp\/v2\/comments?post=302"}],"version-history":[{"count":6,"href":"https:\/\/think-dog.com\/index.php\/wp-json\/wp\/v2\/pages\/302\/revisions"}],"predecessor-version":[{"id":637,"href":"https:\/\/think-dog.com\/index.php\/wp-json\/wp\/v2\/pages\/302\/revisions\/637"}],"wp:featuredmedia":[{"embeddable":true,"href":"https:\/\/think-dog.com\/index.php\/wp-json\/wp\/v2\/media\/413"}],"wp:attachment":[{"href":"https:\/\/think-dog.com\/index.php\/wp-json\/wp\/v2\/media?parent=302"}],"curies":[{"name":"wp","href":"https:\/\/api.w.org\/{rel}","templated":true}]}}