{"id":210,"date":"2018-10-03T16:30:28","date_gmt":"2018-10-03T14:30:28","guid":{"rendered":"http:\/\/think-dog.com\/?page_id=210"},"modified":"2024-08-15T16:46:57","modified_gmt":"2024-08-15T14:46:57","slug":"valeurs","status":"publish","type":"page","link":"https:\/\/think-dog.com\/index.php\/valeurs\/","title":{"rendered":"Mes Valeurs"},"content":{"rendered":"\n<p>Le monde canin est en constante \u00e9volution et les professionnels de plus en plus nombreux. Parmi ces professionnels, nous trouvons des id\u00e9ologies tr\u00e8s diff\u00e9rentes et il est parfois difficile pour un particulier de s&rsquo;y retrouver. Je tenais donc \u00e0 exprimer clairement mes valeurs et mes convictions concernant l&rsquo;\u00e9ducation canine au travers de cette page.<\/p>\n\n\n\n<p>THINK DOG est n\u00e9 avec l&rsquo;intention profonde de changer les mentalit\u00e9s quant \u00e0 l&rsquo;\u00e9ducation et la place du chien dans la famille. C&rsquo;est pourquoi vous ne m&rsquo;entendrez jamais parler de \u00ab\u00a0meute\u00a0\u00bb, de \u00ab\u00a0chef\u00a0\u00bb ou de \u00ab\u00a0dominant\u00a0\u00bb. Ces notions am\u00e8nent bien souvent les propri\u00e9taires \u00e0 \u00eatre \u00ab\u00a0irrit\u00e9s\u00a0\u00bb par leur chien, pensant que celui-ci conspire pour prendre le pouvoir du foyer. De mon point de vue, en plus de se baser sur des informations erron\u00e9es concernant le fonctionnement du chien, ces notions poussent les propri\u00e9taires \u00e0 utiliser des techniques d&rsquo;\u00e9ducation non-respectueuses de leur animal.<br>Un petit exemple pour illustrer cela: Votre chien monte sur le canap\u00e9 et malgr\u00e9 vos demandes il ne descend pas.<br>Si vous partez dans l&rsquo;optique \u00ab\u00a0Il fait \u00e7a pour me tester et veut dominer\u00a0\u00bb quelle sera votre r\u00e9action? Il est tr\u00e8s probable que le ton employ\u00e9 monte au fur et \u00e0 mesure des demandes et vous instaurerez un rapport de force entre votre chien et vous parfois m\u00eame en l&rsquo;attrapant par le collier voir en lui criant dessus \u00ab\u00a0pour qu&rsquo;il comprenne qui commande\u00a0\u00bb.<br>Maintenant partez du principe que votre chien monte dans le canap\u00e9 parce qu&rsquo;il est confortable, votre r\u00e9action serait-elle la m\u00eame ? Seriez-vous aussi contrari\u00e9s?<br>Nos \u00e9motions influencent ind\u00e9niablement nos r\u00e9actions, c&rsquo;est pourquoi partir du principe que le chien adopte certains comportements pour nous nuire ne peut qu&rsquo;engendrer des r\u00e9actions n\u00e9gatives de notre part. Avec THINK DOG , vous apprendrez \u00e0 d&rsquo;abord chercher l&rsquo;origine exacte d&rsquo;un comportement afin de r\u00e9agir de mani\u00e8re ad\u00e9quate en respectant votre chien.<\/p>\n\n\n\n<p>\u00c9duquer dans le respect du chien, qu&rsquo;est-ce que cela signifie ?<\/p>\n\n\n\n<p>Le chien est un \u00eatre vivant dou\u00e9 de sensibilit\u00e9. C&rsquo;est-\u00e0-dire qu&rsquo;il est capable de ressentir les m\u00eames \u00e9motions que nous. Si nous voulons respecter le chien, nous devons tenir compte de ses \u00e9motions en \u00e9vitant de le mettre dans des situations d&rsquo;inconfort physique et psychologique. C&rsquo;est pourquoi, aucun collier \u00e9trangleur, \u00e0 pic ou \u00e9lectrique n&rsquo;est admis durant les s\u00e9ances. Vous apprendrez \u00e0 \u00e9duquer votre chien sans \u00e9nervement dans une atmosph\u00e8re calme et paisible.<\/p>\n\n\n\n<p>Pour que votre chien se sente bien partout o\u00f9 il va, je pars du principe qu&rsquo;il doit d\u00e9j\u00e0 se sentir \u00e0 100% en s\u00e9curit\u00e9 \u00e0 vos c\u00f4t\u00e9s au quotidien ce qui est, \u00e0 mon sens, impossible lorsque l&rsquo;\u00e9ducation se fait par l&rsquo;intimidation. Mon objectif est donc d&rsquo;\u00e9duquer (ou r\u00e9\u00e9duquer) votre chien tout en vous aidant \u00e0 construire une relation de confiance solide afin d&rsquo;avoir un chien bien dans ses pattes.<\/p>\n\n\n\n<p>&nbsp;<\/p>\n","protected":false},"excerpt":{"rendered":"<p>Le monde canin est en constante \u00e9volution et les professionnels de plus en plus nombreux. Parmi ces professionnels, nous trouvons des id\u00e9ologies tr\u00e8s diff\u00e9rentes et il est parfois difficile pour &hellip; <\/p>\n<p class=\"link-more\"><a href=\"https:\/\/think-dog.com\/index.php\/valeurs\/\" class=\"more-link\">Continuer la lecture<span class=\"screen-reader-text\"> de &laquo;&nbsp;Mes Valeurs&nbsp;&raquo;<\/span><\/a><\/p>\n","protected":false},"author":1,"featured_media":0,"parent":0,"menu_order":0,"comment_status":"closed","ping_status":"closed","template":"","meta":{"footnotes":""},"class_list":["post-210","page","type-page","status-publish","hentry"],"_links":{"self":[{"href":"https:\/\/think-dog.com\/index.php\/wp-json\/wp\/v2\/pages\/210","targetHints":{"allow":["GET"]}}],"collection":[{"href":"https:\/\/think-dog.com\/index.php\/wp-json\/wp\/v2\/pages"}],"about":[{"href":"https:\/\/think-dog.com\/index.php\/wp-json\/wp\/v2\/types\/page"}],"author":[{"embeddable":true,"href":"https:\/\/think-dog.com\/index.php\/wp-json\/wp\/v2\/users\/1"}],"replies":[{"embeddable":true,"href":"https:\/\/think-dog.com\/index.php\/wp-json\/wp\/v2\/comments?post=210"}],"version-history":[{"count":1,"href":"https:\/\/think-dog.com\/index.php\/wp-json\/wp\/v2\/pages\/210\/revisions"}],"predecessor-version":[{"id":609,"href":"https:\/\/think-dog.com\/index.php\/wp-json\/wp\/v2\/pages\/210\/revisions\/609"}],"wp:attachment":[{"href":"https:\/\/think-dog.com\/index.php\/wp-json\/wp\/v2\/media?parent=210"}],"curies":[{"name":"wp","href":"https:\/\/api.w.org\/{rel}","templated":true}]}}